


{"id":7,"date":"2011-07-21T07:13:19","date_gmt":"2011-07-21T07:13:19","guid":{"rendered":"http:\/\/team.inria.fr\/template1\/?page_id=7"},"modified":"2025-11-28T15:51:45","modified_gmt":"2025-11-28T14:51:45","slug":"job-offers","status":"publish","type":"page","link":"https:\/\/www-expression.irisa.fr\/fr\/job-offers\/","title":{"rendered":"Offres d&#8217;emploi"},"content":{"rendered":"<h2>Stage de master<\/h2>\n<ul>\n<li><a href=\"https:\/\/www-expression.irisa.fr\/files\/2025\/11\/SujetStageMaster2026_Philippe.pdf\">Premier Semestre 2026 : G\u00e9n\u00e9ration de parole avec un contr\u00f4le de l\u2019accent : \u00c9tude de la robustesse de mod\u00e8les de plongement\u00a0 d\u2019accent (PDF in French)\u00a0\u00a0<\/a><\/li>\n<li><a href=\"https:\/\/www-expression.irisa.fr\/files\/2014\/12\/Sujet-Stage-Master-2LINAIRISA.pdf\">Enrichissement semi-automatique d\u2019ontologie \u00e0 partir de textes bas\u00e9 sur la d\u00e9couverte de patrons: Application au domaine de la p\u00eache<\/a> (PDF in French).<\/li>\n<\/ul>\n<h2>Doctorat<\/h2>\n<h2>Postdoc &amp; ing\u00e9nieur<\/h2>\n<p><em>Pas d&rsquo;offre de poste actuellement.\u00a0 N&rsquo;h\u00e9sitez pas \u00e0 nous contacter pour signaler votre int\u00e9r\u00eat pour d&rsquo;\u00e9ventuelles opportunit\u00e9s \u00e0 venir.<\/em><\/p>\n<h2>Postes permanents<\/h2>\n<p><em>Pas d&rsquo;offre de poste actuellement. N&rsquo;h\u00e9sitez pas \u00e0 nous contacter pour signaler votre int\u00e9r\u00eat pour d&rsquo;\u00e9ventuelles opportunit\u00e9s \u00e0 venir.<\/em><\/p>\n","protected":false},"excerpt":{"rendered":"<p>Stage de master Premier Semestre 2026 : G\u00e9n\u00e9ration de parole avec un contr\u00f4le de l\u2019accent : \u00c9tude de la robustesse de mod\u00e8les de plongement\u00a0 d\u2019accent (PDF in French)\u00a0\u00a0 Enrichissement semi-automatique d\u2019ontologie \u00e0 partir de textes bas\u00e9 sur la d\u00e9couverte de patrons: Application au domaine de la p\u00eache (PDF in French).\u2026<\/p>\n<p> <a class=\"continue-reading-link\" href=\"https:\/\/www-expression.irisa.fr\/fr\/job-offers\/\"><span>Continue reading<\/span><i class=\"crycon-right-dir\"><\/i><\/a> <\/p>\n","protected":false},"author":942,"featured_media":0,"parent":0,"menu_order":0,"comment_status":"closed","ping_status":"open","template":"","meta":{"footnotes":""},"class_list":["post-7","page","type-page","status-publish","hentry"],"_links":{"self":[{"href":"https:\/\/www-expression.irisa.fr\/fr\/wp-json\/wp\/v2\/pages\/7","targetHints":{"allow":["GET"]}}],"collection":[{"href":"https:\/\/www-expression.irisa.fr\/fr\/wp-json\/wp\/v2\/pages"}],"about":[{"href":"https:\/\/www-expression.irisa.fr\/fr\/wp-json\/wp\/v2\/types\/page"}],"author":[{"embeddable":true,"href":"https:\/\/www-expression.irisa.fr\/fr\/wp-json\/wp\/v2\/users\/942"}],"replies":[{"embeddable":true,"href":"https:\/\/www-expression.irisa.fr\/fr\/wp-json\/wp\/v2\/comments?post=7"}],"version-history":[{"count":145,"href":"https:\/\/www-expression.irisa.fr\/fr\/wp-json\/wp\/v2\/pages\/7\/revisions"}],"predecessor-version":[{"id":1564,"href":"https:\/\/www-expression.irisa.fr\/fr\/wp-json\/wp\/v2\/pages\/7\/revisions\/1564"}],"wp:attachment":[{"href":"https:\/\/www-expression.irisa.fr\/fr\/wp-json\/wp\/v2\/media?parent=7"}],"curies":[{"name":"wp","href":"https:\/\/api.w.org\/{rel}","templated":true}]}}