


{"id":4,"date":"2011-07-21T07:09:18","date_gmt":"2011-07-21T07:09:18","guid":{"rendered":"http:\/\/team.inria.fr\/template1\/?page_id=4"},"modified":"2020-05-12T14:25:51","modified_gmt":"2020-05-12T12:25:51","slug":"contact","status":"publish","type":"page","link":"https:\/\/www-expression.irisa.fr\/fr\/contact\/","title":{"rendered":"Contacts"},"content":{"rendered":"<h2>Adresse<\/h2>\n<h2>Chef de Projet<\/h2>\n<blockquote><p>nom:\u00a0Pierre-Fran\u00e7ois Marteau<br \/>\nm\u00e9l:\u00a0pierre-francois _DOT_ marteau _AT_ univ-ubs _DOT_ fr<br \/>\nt\u00e9l:\u00a033 2 97 01 72 99<\/p><\/blockquote>\n<h2>Assistantes<\/h2>\n<ul>\n<li><strong>Vannes\/Lorient<\/strong><\/li>\n<\/ul>\n<blockquote><p>nom:\u00a0Sylviane Boisadan<br \/>\nm\u00e9l:\u00a0sylviane _DOT_ boisadan _AT_ univ-ubs _DOT fr<br \/>\nt\u00e9l:\u00a033 2 97 01 72 35<\/p><\/blockquote>\n<ul>\n<li><strong>Lannion<\/strong><\/li>\n<\/ul>\n<blockquote><p>nom: Ang\u00e9lique Le Pennec<br \/>\nm\u00e9l: angelique _DOT_ le-pennec _AT_ irisa _DOT fr<br \/>\nt\u00e9l:\u00a033 2 96 46 90 30<\/p><\/blockquote>\n","protected":false},"excerpt":{"rendered":"<p>Adresse Chef de Projet nom:\u00a0Pierre-Fran\u00e7ois Marteau m\u00e9l:\u00a0pierre-francois _DOT_ marteau _AT_ univ-ubs _DOT_ fr t\u00e9l:\u00a033 2 97 01 72 99 Assistantes Vannes\/Lorient nom:\u00a0Sylviane Boisadan m\u00e9l:\u00a0sylviane _DOT_ boisadan _AT_ univ-ubs _DOT fr t\u00e9l:\u00a033 2 97 01 72 35 Lannion nom: Ang\u00e9lique Le Pennec m\u00e9l: angelique _DOT_ le-pennec _AT_ irisa _DOT fr t\u00e9l:\u00a033\u2026<\/p>\n<p> <a class=\"continue-reading-link\" href=\"https:\/\/www-expression.irisa.fr\/fr\/contact\/\"><span>Continue reading<\/span><i class=\"crycon-right-dir\"><\/i><\/a> <\/p>\n","protected":false},"author":1,"featured_media":0,"parent":0,"menu_order":0,"comment_status":"closed","ping_status":"open","template":"","meta":{"footnotes":""},"class_list":["post-4","page","type-page","status-publish","hentry"],"_links":{"self":[{"href":"https:\/\/www-expression.irisa.fr\/fr\/wp-json\/wp\/v2\/pages\/4","targetHints":{"allow":["GET"]}}],"collection":[{"href":"https:\/\/www-expression.irisa.fr\/fr\/wp-json\/wp\/v2\/pages"}],"about":[{"href":"https:\/\/www-expression.irisa.fr\/fr\/wp-json\/wp\/v2\/types\/page"}],"author":[{"embeddable":true,"href":"https:\/\/www-expression.irisa.fr\/fr\/wp-json\/wp\/v2\/users\/1"}],"replies":[{"embeddable":true,"href":"https:\/\/www-expression.irisa.fr\/fr\/wp-json\/wp\/v2\/comments?post=4"}],"version-history":[{"count":9,"href":"https:\/\/www-expression.irisa.fr\/fr\/wp-json\/wp\/v2\/pages\/4\/revisions"}],"predecessor-version":[{"id":1405,"href":"https:\/\/www-expression.irisa.fr\/fr\/wp-json\/wp\/v2\/pages\/4\/revisions\/1405"}],"wp:attachment":[{"href":"https:\/\/www-expression.irisa.fr\/fr\/wp-json\/wp\/v2\/media?parent=4"}],"curies":[{"name":"wp","href":"https:\/\/api.w.org\/{rel}","templated":true}]}}