


{"id":371,"date":"2014-02-14T12:35:11","date_gmt":"2014-02-14T11:35:11","guid":{"rendered":"https:\/\/www-expression.irisa.fr\/?page_id=371"},"modified":"2018-07-19T15:44:29","modified_gmt":"2018-07-19T13:44:29","slug":"demos","status":"publish","type":"page","link":"https:\/\/www-expression.irisa.fr\/fr\/results-and-resources\/demos\/","title":{"rendered":"D\u00e9mos"},"content":{"rendered":"<h2><strong>Syst\u00e8me de synth\u00e8se de la parole de l&rsquo;\u00e9quipe<\/strong><\/h2>\n<ul>\n<li><a href=\"https:\/\/www-expression.irisa.fr\/files\/2014\/04\/speech_samples.zip\">Exemples (2014)<\/a><\/li>\n<li><a href=\"https:\/\/synpaflex.irisa.fr\/blizzard-2017\">Exemples issus du challenge Blizzard 2017<\/a><\/li>\n<li><a href=\"https:\/\/synpaflex.irisa.fr\/blizzard-2018\">Exemples issus du challenge Blizzard 2018<\/a><\/li>\n<\/ul>\n<h2><strong>Adaptation de la prononciation pour la synth\u00e8se de la parole<\/strong><\/h2>\n<h3>Parole spontan\u00e9e<\/h3>\n<ul>\n<li><a href=\"https:\/\/www-expression.irisa.fr\/files\/2015\/12\/pronunciation_variants.zip\">A<\/a><a href=\"https:\/\/www-expression.irisa.fr\/files\/2015\/12\/pronunciation_variants.zip\">nglais<\/a><a href=\"https:\/\/www-expression.irisa.fr\/files\/2015\/12\/pronunciation_variants.zip\">, s\u00e9lection d&rsquo;unit\u00e9s (2015)<\/a><\/li>\n<li><a href=\"https:\/\/www-expression.irisa.fr\/files\/2016\/04\/pronunciation-variants-spontaneous-hts.zip\">Anglais, HTS (2014)<\/a><\/li>\n<li><a href=\"https:\/\/www-expression.irisa.fr\/files\/2014\/02\/spontaneous_speech_French.zip\">Fran\u00e7ais, s\u00e9lection d&rsquo;unit\u00e9s (2016)<\/a><\/li>\n<\/ul>\n<h3>Adaptation au corpus<\/h3>\n<ul>\n<li><a href=\"https:\/\/www-expression.irisa.fr\/files\/2016\/04\/pronunciation-variants-French.zip\">Fran\u00e7ais, s\u00e9lection d&rsquo;unit\u00e9s et HTS (2016)<\/a><\/li>\n<li><a href=\"https:\/\/www-expression.irisa.fr\/files\/2018\/03\/exs_expressive_pronunciation_adaptation.zip\">Adaptation \u00e0 une prononciation expressive (2018-03)<\/a><\/li>\n<\/ul>\n<h2><strong>Fouille de donn\u00e9es s\u00e9quentielles sous contraintes<\/strong><\/h2>\n<ul>\n<li><a href=\"https:\/\/sdmc.greyc.fr\/\">Site web<\/a><\/li>\n<\/ul>\n","protected":false},"excerpt":{"rendered":"<p>Syst\u00e8me de synth\u00e8se de la parole de l&rsquo;\u00e9quipe Exemples (2014) Exemples issus du challenge Blizzard 2017 Exemples issus du challenge Blizzard 2018 Adaptation de la prononciation pour la synth\u00e8se de la parole Parole spontan\u00e9e Anglais, s\u00e9lection d&rsquo;unit\u00e9s (2015) Anglais, HTS (2014) Fran\u00e7ais, s\u00e9lection d&rsquo;unit\u00e9s (2016) Adaptation au corpus Fran\u00e7ais, s\u00e9lection\u2026<\/p>\n<p> <a class=\"continue-reading-link\" href=\"https:\/\/www-expression.irisa.fr\/fr\/results-and-resources\/demos\/\"><span>Continue reading<\/span><i class=\"crycon-right-dir\"><\/i><\/a> <\/p>\n","protected":false},"author":935,"featured_media":0,"parent":554,"menu_order":0,"comment_status":"open","ping_status":"open","template":"","meta":{"footnotes":""},"class_list":["post-371","page","type-page","status-publish","hentry"],"_links":{"self":[{"href":"https:\/\/www-expression.irisa.fr\/fr\/wp-json\/wp\/v2\/pages\/371","targetHints":{"allow":["GET"]}}],"collection":[{"href":"https:\/\/www-expression.irisa.fr\/fr\/wp-json\/wp\/v2\/pages"}],"about":[{"href":"https:\/\/www-expression.irisa.fr\/fr\/wp-json\/wp\/v2\/types\/page"}],"author":[{"embeddable":true,"href":"https:\/\/www-expression.irisa.fr\/fr\/wp-json\/wp\/v2\/users\/935"}],"replies":[{"embeddable":true,"href":"https:\/\/www-expression.irisa.fr\/fr\/wp-json\/wp\/v2\/comments?post=371"}],"version-history":[{"count":29,"href":"https:\/\/www-expression.irisa.fr\/fr\/wp-json\/wp\/v2\/pages\/371\/revisions"}],"predecessor-version":[{"id":1165,"href":"https:\/\/www-expression.irisa.fr\/fr\/wp-json\/wp\/v2\/pages\/371\/revisions\/1165"}],"up":[{"embeddable":true,"href":"https:\/\/www-expression.irisa.fr\/fr\/wp-json\/wp\/v2\/pages\/554"}],"wp:attachment":[{"href":"https:\/\/www-expression.irisa.fr\/fr\/wp-json\/wp\/v2\/media?parent=371"}],"curies":[{"name":"wp","href":"https:\/\/api.w.org\/{rel}","templated":true}]}}