


{"id":22,"date":"2011-07-21T07:18:23","date_gmt":"2011-07-21T07:18:23","guid":{"rendered":"http:\/\/team.inria.fr\/template1\/?page_id=22"},"modified":"2023-09-29T15:03:13","modified_gmt":"2023-09-29T13:03:13","slug":"team-members","status":"publish","type":"page","link":"https:\/\/www-expression.irisa.fr\/fr\/team-members\/","title":{"rendered":"Membres de l&rsquo;\u00e9quipe"},"content":{"rendered":"<p style=\"text-align: center;\"><a href=\"https:\/\/www-expression.irisa.fr\/files\/2022\/10\/Expression-PaimpontOctobre202220Edited-Edited.jpg\"><img loading=\"lazy\" decoding=\"async\" class=\"alignnone size-full wp-image-1485\" src=\"https:\/\/www-expression.irisa.fr\/files\/2022\/10\/Expression-PaimpontOctobre202220Edited-Edited.jpg\" alt=\"Team members at Paimpont, October 2022.\" width=\"2327\" height=\"1551\" srcset=\"https:\/\/www-expression.irisa.fr\/files\/2022\/10\/Expression-PaimpontOctobre202220Edited-Edited.jpg 2327w, https:\/\/www-expression.irisa.fr\/files\/2022\/10\/Expression-PaimpontOctobre202220Edited-Edited-300x200.jpg 300w, https:\/\/www-expression.irisa.fr\/files\/2022\/10\/Expression-PaimpontOctobre202220Edited-Edited-768x512.jpg 768w, https:\/\/www-expression.irisa.fr\/files\/2022\/10\/Expression-PaimpontOctobre202220Edited-Edited-1024x683.jpg 1024w, https:\/\/www-expression.irisa.fr\/files\/2022\/10\/Expression-PaimpontOctobre202220Edited-Edited-150x100.jpg 150w, https:\/\/www-expression.irisa.fr\/files\/2022\/10\/Expression-PaimpontOctobre202220Edited-Edited-450x300.jpg 450w\" sizes=\"auto, (max-width: 2327px) 100vw, 2327px\" \/><\/a><\/p>\n<p style=\"text-align: center;\"><em>Membres de l&rsquo;\u00e9quipe \u00e0 Paimpont, octobre 2022.<\/em><\/p>\n<div align=\"center\">\n<table width=\"50%\">\n<tbody>\n<tr style=\"border: 0px; background-color: white;\">\n<td style=\"border: 0px;\">\n<h2>Responsable d&rsquo;\u00e9quipe<\/h2>\n<p style=\"padding-left: 30px;\"><strong><a href=\"http:\/\/people.irisa.fr\/Pierre-Francois.Marteau\/\">Pierre-Fran\u00e7ois Marteau<\/a><\/strong>, professeur des universit\u00e9s, Vannes<\/p>\n<\/td>\n<\/tr>\n<\/tbody>\n<\/table>\n<\/div>\n<table width=\"100%\">\n<tbody>\n<tr style=\"border: 0px; background-color: white;\">\n<td style=\"border: 0px;\" width=\"50%\">\n<h2>Membres permanents<\/h2>\n<ul>\n<li><strong>Pierre Alain<\/strong>, PhD, ing\u00e9nieur (20%), Lannion<\/li>\n<li><strong>Nelly Barbot<\/strong>, ma\u00eetre de conf\u00e9rences, Lannion<\/li>\n<li><strong>Vincent Barreaud<\/strong>, ma\u00eetre de conf\u00e9rences, Lannion<\/li>\n<li><a href=\"http:\/\/people.irisa.fr\/Nicolas.Bechet\/\"><strong>Nicolas B\u00e9chet<\/strong><\/a>, ma\u00eetre de conf\u00e9rences, Vannes<\/li>\n<li><strong>Vincent Segonne<\/strong>, ma\u00eetre de conf\u00e9rences, Vannes<\/li>\n<li><strong>Giuseppe Berio<\/strong>, professeur des universit\u00e9s, Vannes<\/li>\n<li><strong><a href=\"http:\/\/pro.jonathan.chevelu.fr\">Jonathan Chevelu<\/a><\/strong>, ma\u00eetre de conf\u00e9rences, Lannion<\/li>\n<li><strong><a href=\"http:\/\/people.irisa.fr\/Arnaud.Delhay\/\">Arnaud Delhay<\/a><\/strong>, ma\u00eetre de conf\u00e9rences, Lannion<\/li>\n<li><strong><a title=\"Sylvie Gibet\" href=\"http:\/\/people.irisa.fr\/Sylvie.Gibet\/\">Sylvie Gibet<\/a><\/strong>, professeur des universit\u00e9s, Vannes<\/li>\n<li><strong><a href=\"http:\/\/people.irisa.fr\/Caroline.Larboulette\/\">Caroline Larboulette<\/a><\/strong>, ma\u00eetre de conf\u00e9rences, Vannes<\/li>\n<li><strong><a href=\"http:\/\/people.irisa.fr\/Damien.Lolive\/\">Damien Lolive<\/a><\/strong>, professeur des universit\u00e9s, Lannion<\/li>\n<li><strong>Gildas M\u00e9nier<\/strong>, ma\u00eetre de conf\u00e9rences, Vannes<\/li>\n<li><a href=\"http:\/\/people.irisa.fr\/Jeanne.Villaneau\/\"><strong>Jeanne Villaneau<\/strong><\/a>, ma\u00eetre de conf\u00e9rences, HDR, Lorient<\/li>\n<\/ul>\n<h2>Collaborateurs associ\u00e9s<\/h2>\n<ul>\n<li><a href=\"http:\/\/people.irisa.fr\/Jean-Francois.Kamp\/\"><strong>Jean-Fran\u00e7ois Kamp<\/strong><\/a>, ma\u00eetre de conf\u00e9rences, Vannes<\/li>\n<li><strong>Farida Said<\/strong>, ma\u00eetre de conf\u00e9rences, Lorient<\/li>\n<li><a href=\"http:\/\/www.llf.cnrs.fr\/fr\/Gens\/Delais-Roussarie\"><strong>\u00c9lisabeth Delais-Roussarie<\/strong><\/a>, directrice de recherche, CNRS, LLing, Nantes<\/li>\n<li><strong>R\u00e9my Kessler<\/strong>, PhD, charg\u00e9 de cours, Vannes<\/li>\n<\/ul>\n<h2>Assistantes d&rsquo;\u00e9quipe<\/h2>\n<ul>\n<li><strong>Sylviane Boisadan<\/strong>, Vannes<\/li>\n<li><strong>Ang\u00e9lique Le Pennec<\/strong>, Lannion<\/li>\n<li><strong>Marie Paulin<\/strong>, Vannes<\/li>\n<\/ul>\n<\/td>\n<td style=\"border: 0px; vertical-align: top;\" width=\"50%\">\n<h2>Membres non permanents<\/h2>\n<ul>\n<li><strong><a href=\"http:\/\/www.david-guennec.org\" target=\"_blank\" rel=\"noopener noreferrer\">David Guennec<\/a><\/strong>, PhD, ing\u00e9nieur de recherche, Lannion<\/li>\n<li><strong>Aghilas Sini,<\/strong> PhD, chercheur postdoctoral, Lannion<\/li>\n<li><strong>Ga\u00eblle Vidal<\/strong>, ing\u00e9nieure, Lannion<\/li>\n<li><strong>Antoine Perquin<\/strong>, PhD, chercheur postdoctoral, Lannion<\/li>\n<li><strong>Md Rashedur Rahman<\/strong>, PhD,\u00a0chercheur postdoctoral, Lannion<\/li>\n<\/ul>\n<h2>Doctorants<\/h2>\n<ul>\n<li><strong>Alexis Blandin<\/strong>, Vannes &amp; Nantes<\/li>\n<li><strong>Tiago Brizolara<\/strong>, Vannes<\/li>\n<li><strong>Somayeh Jafaritazehjani<\/strong>, Lannion &amp; Dublin<\/li>\n<li><strong>Esso-Ridah Bleza<\/strong>, Vannes, (with LifyAir, Orl\u00e9ans)<\/li>\n<li><strong>Cl\u00e9mence Mertz<\/strong>, Lannion<\/li>\n<li><strong>Lucie Naert, <\/strong>Vannes<\/li>\n<li><strong>Olivier Zhang<\/strong>, Rennes (avec Orange Labs)<\/li>\n<li><strong>Lily Wadoux<\/strong>, Lannion<\/li>\n<li><strong>Hoan My Tran<\/strong>, Lannion<\/li>\n<\/ul>\n<h2>Stagiaires<\/h2>\n<\/td>\n<\/tr>\n<\/tbody>\n<\/table>\n<div align=\"center\">\n<table width=\"50%\">\n<tbody>\n<tr style=\"border: 0px; background-color: white;\">\n<td style=\"border: 0px;\">\n<h2>Anciens membres<\/h2>\n<ul>\n<li><strong>Dr. <\/strong><strong><a href=\"http:\/\/people.irisa.fr\/Gwenole.Lecorve\/\">Gw\u00e9nol\u00e9 Lecorv\u00e9<\/a><\/strong>, ma\u00eetre de conf\u00e9rences, HDR, Lannion<\/li>\n<li><strong>Dr. Oussama Ahmia<\/strong>, Vannes &amp; Nantes<\/li>\n<li><strong>Dr. Nicolat Bloyet<\/strong>, Vannes<\/li>\n<li><strong>Dr. Cl\u00e9ment Reverdy<\/strong>, Vannes<\/li>\n<li><strong>Lei Chen<\/strong>, Vannes<\/li>\n<li><strong>Quentin Di-Fant<\/strong>, Lannion<\/li>\n<li><strong>Dr Stefania Pecore<\/strong>, Vannes<\/li>\n<li><strong>Dr. Saeid Soheily-Khah<\/strong>, Vannes<\/li>\n<li><strong>Dr. Marc Dupont, <\/strong>Vannes &amp; Elancourt<strong><br \/>\n<\/strong><\/li>\n<li><strong>Dr. C\u00e9dric Fayet<\/strong>, Lannion<\/li>\n<li><strong>Dr. Nehla Ghouaiel<\/strong>, Vannes<\/li>\n<li><strong>Dr. Henri Lasselin,<\/strong> Lannion<\/li>\n<li><strong>Dr. Fr\u00e9d\u00e9ric Le Bellour<\/strong>, Lannion<\/li>\n<li><strong>Dr. Raheel Qader<\/strong>, Lannion<\/li>\n<li><strong>Dr. Ludovic Hamon<\/strong>, Vannes<\/li>\n<li><strong>Dr. Hai Hieu Vu<\/strong>, Vannes<\/li>\n<li><strong>Dr. Waseem Safi<\/strong>, Lannion<\/li>\n<li><strong>Dr. Ioana Suciu<\/strong>, Lannion<\/li>\n<li><strong><a href=\"http:\/\/marietahon.noath.net\">Dr. Marie Tahon,<\/a><\/strong> Lannion<\/li>\n<li><strong>Dr. Valentin Durand-De-Gevigney<\/strong>, Lannion<\/li>\n<li><strong>Dr. Betty Fabre<\/strong>, Lannion (with Orange Labs)<\/li>\n<li><strong>Dr. Jade Mekki<\/strong>, Vannes<\/li>\n<li><strong>Dr. Meysam Shamsi<\/strong>, Lannion<\/li>\n<li><strong>Thibault Gaudier,<\/strong> Lannion<\/li>\n<li><strong>Hassan Hajipoor Gorakhk<\/strong>, engineer, Lannion<\/li>\n<li><strong>Nazanin Dehghani<\/strong>, Lannion<\/li>\n<li><strong>Simon Giddings<\/strong>, engineer, Lannion<\/li>\n<li><strong>Dr. Felipe Verdugo, <\/strong>Vannes<\/li>\n<li><strong>Dr. Mansour Tchenegnon, <\/strong>Vannes<\/li>\n<\/ul>\n<\/td>\n<\/tr>\n<\/tbody>\n<\/table>\n<\/div>\n","protected":false},"excerpt":{"rendered":"<p>Membres de l&rsquo;\u00e9quipe \u00e0 Paimpont, octobre 2022. Responsable d&rsquo;\u00e9quipe Pierre-Fran\u00e7ois Marteau, professeur des universit\u00e9s, Vannes Membres permanents Pierre Alain, PhD, ing\u00e9nieur (20%), Lannion Nelly Barbot, ma\u00eetre de conf\u00e9rences, Lannion Vincent Barreaud, ma\u00eetre de conf\u00e9rences, Lannion Nicolas B\u00e9chet, ma\u00eetre de conf\u00e9rences, Vannes Vincent Segonne, ma\u00eetre de conf\u00e9rences, Vannes Giuseppe Berio, professeur\u2026<\/p>\n<p> <a class=\"continue-reading-link\" href=\"https:\/\/www-expression.irisa.fr\/fr\/team-members\/\"><span>Continue reading<\/span><i class=\"crycon-right-dir\"><\/i><\/a> <\/p>\n","protected":false},"author":1,"featured_media":0,"parent":0,"menu_order":0,"comment_status":"closed","ping_status":"open","template":"","meta":{"footnotes":""},"class_list":["post-22","page","type-page","status-publish","hentry"],"_links":{"self":[{"href":"https:\/\/www-expression.irisa.fr\/fr\/wp-json\/wp\/v2\/pages\/22","targetHints":{"allow":["GET"]}}],"collection":[{"href":"https:\/\/www-expression.irisa.fr\/fr\/wp-json\/wp\/v2\/pages"}],"about":[{"href":"https:\/\/www-expression.irisa.fr\/fr\/wp-json\/wp\/v2\/types\/page"}],"author":[{"embeddable":true,"href":"https:\/\/www-expression.irisa.fr\/fr\/wp-json\/wp\/v2\/users\/1"}],"replies":[{"embeddable":true,"href":"https:\/\/www-expression.irisa.fr\/fr\/wp-json\/wp\/v2\/comments?post=22"}],"version-history":[{"count":128,"href":"https:\/\/www-expression.irisa.fr\/fr\/wp-json\/wp\/v2\/pages\/22\/revisions"}],"predecessor-version":[{"id":1527,"href":"https:\/\/www-expression.irisa.fr\/fr\/wp-json\/wp\/v2\/pages\/22\/revisions\/1527"}],"wp:attachment":[{"href":"https:\/\/www-expression.irisa.fr\/fr\/wp-json\/wp\/v2\/media?parent=22"}],"curies":[{"name":"wp","href":"https:\/\/api.w.org\/{rel}","templated":true}]}}