


{"id":216,"date":"2013-12-12T09:07:42","date_gmt":"2013-12-12T08:07:42","guid":{"rendered":"https:\/\/www-expression.irisa.fr\/?page_id=216"},"modified":"2016-12-19T19:25:33","modified_gmt":"2016-12-19T18:25:33","slug":"gesture-synthesis-recognition","status":"publish","type":"page","link":"https:\/\/www-expression.irisa.fr\/fr\/research\/gesture-synthesis-recognition\/","title":{"rendered":"Synth\u00e8se et reconnaissance de gestes expressifs"},"content":{"rendered":"<p>Gr\u00e2ce aux avanc\u00e9es des technologies de pointe, en particulier dans le domaine des capteurs (cam\u00e9ra 3D, capteurs EEG et EMG, acc\u00e9l\u00e9rom\u00e8tres et capteurs de force ou de d\u00e9formation), \u00a0des syst\u00e8mes mobiles, ou des dispositifs interactifs sp\u00e9cialis\u00e9s, la communication gestuelle, et l&rsquo;expressivit\u00e9 que celle-ci v\u00e9hicule, apportent une nouvelle dimension \u00e0 un large \u00e9ventail d&rsquo;applications grand public, tels que les jeux, les applications p\u00e9dagogiques et artistiques, la r\u00e9habilitation corporelle, le sport, etc. L&rsquo;\u00e9tude des gestes exige de plus en plus une compr\u00e9hension fine des diff\u00e9rents niveaux de repr\u00e9sentation qui sous-tendent leur production, des niveaux s\u00e9mantiques \u00a0aux r\u00e9alisations physiques des mouvements caract\u00e9ris\u00e9es par des s\u00e9ries temporelles multivari\u00e9es de grandes dimensions. Cela est encore plus vrai pour les gestes experts, expressifs, ou pour les gestes de communication, impliquant des repr\u00e9sentations de haut niveau, s\u00e9miotiques et cognitives, lesquelles exigent en g\u00e9n\u00e9ral une rapidit\u00e9 extr\u00eame, une pr\u00e9cision et un engagement physique souvent en interaction avec l&rsquo;environnement.<\/p>\n<p>Nos axes principaux de recherche concernent sp\u00e9cifiquement l&rsquo;\u00e9tude de la variabilit\u00e9 dans les donn\u00e9es captur\u00e9es de mouvement, li\u00e9e \u00e0 diff\u00e9rentes formes d&rsquo;expression ou de style ou encore aux diff\u00e9rentes possibilit\u00e9s de \u00a0s\u00e9quen\u00e7age des actions s\u00e9mantiques dans les sc\u00e9narios \u00e9tudi\u00e9s. La capture de mouvement est utilis\u00e9e pour fournir le mat\u00e9riau de base \u00e0 partir duquel nous identifions, analysons et caract\u00e9risons \u00a0les \u00e9l\u00e9ments pertinents qui encodent les principaux ph\u00e9nom\u00e8nes spatio-temporels qui d\u00e9finissent les gestes : les caract\u00e9ristiques de bas niveau sont extraites des donn\u00e9es brutes \u00e0 partir desquels les caract\u00e9ristiques de haut niveau sont construites\u00a0: ces derni\u00e8res refl\u00e8tent des motifs structuraux codant les aspects linguistiques ou signifiants des gestes.<\/p>\n","protected":false},"excerpt":{"rendered":"<p>Gr\u00e2ce aux avanc\u00e9es des technologies de pointe, en particulier dans le domaine des capteurs (cam\u00e9ra 3D, capteurs EEG et EMG, acc\u00e9l\u00e9rom\u00e8tres et capteurs de force ou de d\u00e9formation), \u00a0des syst\u00e8mes mobiles, ou des dispositifs interactifs sp\u00e9cialis\u00e9s, la communication gestuelle, et l&rsquo;expressivit\u00e9 que celle-ci v\u00e9hicule, apportent une nouvelle dimension \u00e0 un\u2026<\/p>\n<p> <a class=\"continue-reading-link\" href=\"https:\/\/www-expression.irisa.fr\/fr\/research\/gesture-synthesis-recognition\/\"><span>Continue reading<\/span><i class=\"crycon-right-dir\"><\/i><\/a> <\/p>\n","protected":false},"author":806,"featured_media":890,"parent":18,"menu_order":0,"comment_status":"open","ping_status":"open","template":"","meta":{"footnotes":""},"class_list":["post-216","page","type-page","status-publish","has-post-thumbnail","hentry"],"_links":{"self":[{"href":"https:\/\/www-expression.irisa.fr\/fr\/wp-json\/wp\/v2\/pages\/216","targetHints":{"allow":["GET"]}}],"collection":[{"href":"https:\/\/www-expression.irisa.fr\/fr\/wp-json\/wp\/v2\/pages"}],"about":[{"href":"https:\/\/www-expression.irisa.fr\/fr\/wp-json\/wp\/v2\/types\/page"}],"author":[{"embeddable":true,"href":"https:\/\/www-expression.irisa.fr\/fr\/wp-json\/wp\/v2\/users\/806"}],"replies":[{"embeddable":true,"href":"https:\/\/www-expression.irisa.fr\/fr\/wp-json\/wp\/v2\/comments?post=216"}],"version-history":[{"count":14,"href":"https:\/\/www-expression.irisa.fr\/fr\/wp-json\/wp\/v2\/pages\/216\/revisions"}],"predecessor-version":[{"id":891,"href":"https:\/\/www-expression.irisa.fr\/fr\/wp-json\/wp\/v2\/pages\/216\/revisions\/891"}],"up":[{"embeddable":true,"href":"https:\/\/www-expression.irisa.fr\/fr\/wp-json\/wp\/v2\/pages\/18"}],"wp:featuredmedia":[{"embeddable":true,"href":"https:\/\/www-expression.irisa.fr\/fr\/wp-json\/wp\/v2\/media\/890"}],"wp:attachment":[{"href":"https:\/\/www-expression.irisa.fr\/fr\/wp-json\/wp\/v2\/media?parent=216"}],"curies":[{"name":"wp","href":"https:\/\/api.w.org\/{rel}","templated":true}]}}