


{"id":18,"date":"2011-07-21T07:17:33","date_gmt":"2011-07-21T07:17:33","guid":{"rendered":"http:\/\/team.inria.fr\/template1\/?page_id=18"},"modified":"2015-02-15T14:04:06","modified_gmt":"2015-02-15T13:04:06","slug":"research","status":"publish","type":"page","link":"https:\/\/www-expression.irisa.fr\/fr\/research\/","title":{"rendered":"Recherche"},"content":{"rendered":"<p>L&rsquo;\u00e9quipe EXPRESSION aborde trois axes de recherche en parall\u00e8le :<\/p>\n<ul>\n<li>\n<h2><a title=\"Synth\u00e8se et reconnaissance de gestes expressifs\" href=\"https:\/\/www-expression.irisa.fr\/gesture-synthesis-recognition\/\">Synth\u00e8se et reconnaissance des gestes expressifs<\/a><\/h2>\n<p>Nos axes principaux de recherche concernent sp\u00e9cifiquement l&rsquo;\u00e9tude de la variabilit\u00e9 dans les donn\u00e9es captur\u00e9es de mouvement, li\u00e9e \u00e0 diff\u00e9rentes formes d&rsquo;expression ou de style ou encore aux diff\u00e9rentes possibilit\u00e9s de \u00a0s\u00e9quen\u00e7age des actions s\u00e9mantiques dans les sc\u00e9narios \u00e9tudi\u00e9s. La capture de mouvement est utilis\u00e9e pour fournir le mat\u00e9riau de base \u00e0 partir duquel nous identifions, analysons et caract\u00e9risons \u00a0les \u00e9l\u00e9ments pertinents qui encodent les principaux ph\u00e9nom\u00e8nes spatio-temporels qui d\u00e9finissent les gestes : les caract\u00e9ristiques de bas niveau sont extraites des donn\u00e9es brutes \u00e0 partir desquels les caract\u00e9ristiques de haut niveau sont construites\u00a0: ces derni\u00e8res refl\u00e8tent des motifs structuraux codant les aspects linguistiques ou signifiants des gestes.<\/li>\n<li>\n<h2><a title=\"Synth\u00e8se de parole expressive\" href=\"https:\/\/www-expression.irisa.fr\/expressive-speech-synthesis\/\">Synth\u00e8se de parole\u00a0expressive<\/a><\/h2>\n<p>L&rsquo;expressivit\u00e9 est cruciale dans les communications orales quotidiennes. Elle est li\u00e9e \u00e0 l&rsquo;intention et \u00e0 l&rsquo;\u00e9motion. Or, les syst\u00e8mes actuels de synth\u00e8se de la parole, principalement par s\u00e9lection d&rsquo;unit\u00e9s, souffrent d&rsquo;un manque de contr\u00f4le fin des sorties g\u00e9n\u00e9r\u00e9es sur le plan de l&rsquo;expressivit\u00e9. Les objectifs principaux de cette axe de recherche sont de comprendre, analyser et reproduire l&rsquo;expressivit\u00e9 dans la parole de mani\u00e8re \u00e0 \u00eatre capable de produire des signaux audio expressifs de haute qualit\u00e9. Ces objectifs ouvrent la voie \u00e0 de nouvelles applications telles que la g\u00e9n\u00e9ration de livres audio de haute qualit\u00e9, l&rsquo;apprentissage en ligne, en particulier l&rsquo;apprentissage en autonomie des langues, ou encore la personnalisation des p\u00e9riph\u00e9riques d&rsquo;assistance aux personnes handicap\u00e9es.<\/li>\n<li>\n<h2><a title=\"Fouille de textes\" href=\"https:\/\/www-expression.irisa.fr\/text-mining\/\">Expressivit\u00e9 dans le texte et le langage<\/a><\/h2>\n<p>&#8230;&#8230;&#8230;.<\/li>\n<\/ul>\n","protected":false},"excerpt":{"rendered":"<p>L&rsquo;\u00e9quipe EXPRESSION aborde trois axes de recherche en parall\u00e8le : Synth\u00e8se et reconnaissance des gestes expressifs Nos axes principaux de recherche concernent sp\u00e9cifiquement l&rsquo;\u00e9tude de la variabilit\u00e9 dans les donn\u00e9es captur\u00e9es de mouvement, li\u00e9e \u00e0 diff\u00e9rentes formes d&rsquo;expression ou de style ou encore aux diff\u00e9rentes possibilit\u00e9s de \u00a0s\u00e9quen\u00e7age des actions\u2026<\/p>\n<p> <a class=\"continue-reading-link\" href=\"https:\/\/www-expression.irisa.fr\/fr\/research\/\"><span>Continue reading<\/span><i class=\"crycon-right-dir\"><\/i><\/a> <\/p>\n","protected":false},"author":1,"featured_media":0,"parent":0,"menu_order":0,"comment_status":"closed","ping_status":"open","template":"","meta":{"footnotes":""},"class_list":["post-18","page","type-page","status-publish","hentry"],"_links":{"self":[{"href":"https:\/\/www-expression.irisa.fr\/fr\/wp-json\/wp\/v2\/pages\/18","targetHints":{"allow":["GET"]}}],"collection":[{"href":"https:\/\/www-expression.irisa.fr\/fr\/wp-json\/wp\/v2\/pages"}],"about":[{"href":"https:\/\/www-expression.irisa.fr\/fr\/wp-json\/wp\/v2\/types\/page"}],"author":[{"embeddable":true,"href":"https:\/\/www-expression.irisa.fr\/fr\/wp-json\/wp\/v2\/users\/1"}],"replies":[{"embeddable":true,"href":"https:\/\/www-expression.irisa.fr\/fr\/wp-json\/wp\/v2\/comments?post=18"}],"version-history":[{"count":22,"href":"https:\/\/www-expression.irisa.fr\/fr\/wp-json\/wp\/v2\/pages\/18\/revisions"}],"predecessor-version":[{"id":582,"href":"https:\/\/www-expression.irisa.fr\/fr\/wp-json\/wp\/v2\/pages\/18\/revisions\/582"}],"wp:attachment":[{"href":"https:\/\/www-expression.irisa.fr\/fr\/wp-json\/wp\/v2\/media?parent=18"}],"curies":[{"name":"wp","href":"https:\/\/api.w.org\/{rel}","templated":true}]}}